{"id":2,"date":"2025-05-19T11:07:08","date_gmt":"2025-05-19T09:07:08","guid":{"rendered":"https:\/\/www.mikim.eu\/?page_id=2"},"modified":"2025-05-19T20:08:10","modified_gmt":"2025-05-19T18:08:10","slug":"page_id2","status":"publish","type":"page","link":"https:\/\/www.mikim.eu\/?page_id=2","title":{"rendered":"O PLATFORMIE"},"content":{"rendered":"\n<p><kbd>Na naszej platformie znajdziesz najciekawsze informacje o kulinariach, zdrowiu i diecie, \u017cywno\u015bci, architekturze, modzie, sekcje po\u015bwi\u0119con\u0105 okazjom cenowym i du\u017co du\u017co wi\u0119cej <\/kbd><\/p>\n\n\n\n<p>Dobrej zabawy!<\/p>\n","protected":false},"excerpt":{"rendered":"<p>Na naszej platformie znajdziesz najciekawsze informacje o kulinariach, zdrowiu i diecie, \u017cywno\u015bci, architekturze, modzie, sekcje po\u015bwi\u0119con\u0105 okazjom cenowym i du\u017co du\u017co wi\u0119cej Dobrej zabawy!<\/p>\n","protected":false},"author":1,"featured_media":0,"parent":0,"menu_order":0,"comment_status":"closed","ping_status":"closed","template":"","meta":{"footnotes":""},"class_list":["post-2","page","type-page","status-publish","hentry"],"_links":{"self":[{"href":"https:\/\/www.mikim.eu\/index.php?rest_route=\/wp\/v2\/pages\/2","targetHints":{"allow":["GET"]}}],"collection":[{"href":"https:\/\/www.mikim.eu\/index.php?rest_route=\/wp\/v2\/pages"}],"about":[{"href":"https:\/\/www.mikim.eu\/index.php?rest_route=\/wp\/v2\/types\/page"}],"author":[{"embeddable":true,"href":"https:\/\/www.mikim.eu\/index.php?rest_route=\/wp\/v2\/users\/1"}],"replies":[{"embeddable":true,"href":"https:\/\/www.mikim.eu\/index.php?rest_route=%2Fwp%2Fv2%2Fcomments&post=2"}],"version-history":[{"count":3,"href":"https:\/\/www.mikim.eu\/index.php?rest_route=\/wp\/v2\/pages\/2\/revisions"}],"predecessor-version":[{"id":17,"href":"https:\/\/www.mikim.eu\/index.php?rest_route=\/wp\/v2\/pages\/2\/revisions\/17"}],"wp:attachment":[{"href":"https:\/\/www.mikim.eu\/index.php?rest_route=%2Fwp%2Fv2%2Fmedia&parent=2"}],"curies":[{"name":"wp","href":"https:\/\/api.w.org\/{rel}","templated":true}]}}